{"id":7,"date":"2006-10-18T00:25:33","date_gmt":"2006-10-17T22:25:33","guid":{"rendered":"http:\/\/artlab.eyes2k.net\/?page_id=7"},"modified":"2014-02-12T16:05:39","modified_gmt":"2014-02-12T15:05:39","slug":"generative-art","status":"publish","type":"page","link":"https:\/\/artlabor.eyes2k.net\/?page_id=7","title":{"rendered":"Generative-art"},"content":{"rendered":"<p><strong><a href=\"http:\/\/en.wikipedia.org\/wiki\/Generative_art\">Generative-art<\/a><\/strong> refers to any art practice where the artist uses a system, such as a set of natural language rules, a computer program, a machine, or other procedural invention, which is set into motion with some degree of autonomy contributing to or resulting in a completed work of art. The key element in generative art is then the system to which the artist cedes partial or total subsequent control. [&#8230;] First, note that the term generative art is simply a reference to how the art is made, and it makes no claims as to why the art is made this way or what its content is. Second, generative art is uncoupled from any particular technology. Generative art may or may not be &#8218;high tech&#8216;. Third, a system that moves an art practice into the realm of generative art must be well defined and self-contained enough to operate autonomously.<\/p>\n<p>[Definition: <a href=\"http:\/\/www.philipgalanter.com\">Philipp Galanter<\/a>]<\/p>\n<p><!--more--><br \/>\n<strong><a href=\"http:\/\/de.wikipedia.org\/wiki\/Generative_Kunst\" title=\"Generative-art\"><\/a>Generative-art<\/strong> bezieht sich auf jene k\u00fcnstlerische Praxis, in welcher der K\u00fcnstler ein System nutzt, wie etwa eine Sammlung oder einen Satz von nat\u00fcrlichen Sprachregeln, ein Computerprogramm, eine Maschine oder eine andere prozedurale Erfindung, welche mit einigem Grad von Autonomie in Bewegung gesetzt ist und in einer vollst\u00e4ndigen Kunstarbeit m\u00fcndet oder resultiert. Das Schl\u00fcsselelement in Generative-art ist dann das System, welchem der K\u00fcnstler teilweise oder vollst\u00e4ndig die Kontrolle \u00fcberl\u00e4sst. Beachte Erstens, dass der Begriff Generative Art einfach eine Referenz ist, wie die Kunst gemacht ist; Und es beansprucht nicht, weshalb die Kunst in dieser Weise gemacht wurde oder welchen Inhaltes diese ist. Und Zweitens ist Generative Art nicht gebunden an irgendeine bestimmte Technologie. Generative-art kann und kann auch nicht &#8218;High Tech&#8216; sein. Drittens, ein System, welches eine k\u00fcnstlerische Praxis in den Bereich der Generative Art bringt, sollte ausreichend definiert sein und verschlossen genug, um eigenst\u00e4ndig zu operieren.<\/p>\n<p>[Deutsche \u00dcbersetzung: <a href=\"http:\/\/el.eyes2k.net\">Erwin Liedke<\/a>]<\/p>\n","protected":false},"excerpt":{"rendered":"<p>Generative-art refers to any art practice where the artist uses a system, such as a set of natural language rules, a computer program, a machine, or other procedural invention, which is set into motion with some degree of autonomy contributing to or resulting in a completed work of art. The key element in generative art &hellip; <a href=\"https:\/\/artlabor.eyes2k.net\/?page_id=7\" class=\"more-link\"><span class=\"screen-reader-text\">Generative-art<\/span> weiterlesen <span class=\"meta-nav\">&rarr;<\/span><\/a><\/p>\n","protected":false},"author":1,"featured_media":0,"parent":0,"menu_order":0,"comment_status":"open","ping_status":"open","template":"","meta":{"footnotes":""},"class_list":["post-7","page","type-page","status-publish","hentry"],"_links":{"self":[{"href":"https:\/\/artlabor.eyes2k.net\/index.php?rest_route=\/wp\/v2\/pages\/7","targetHints":{"allow":["GET"]}}],"collection":[{"href":"https:\/\/artlabor.eyes2k.net\/index.php?rest_route=\/wp\/v2\/pages"}],"about":[{"href":"https:\/\/artlabor.eyes2k.net\/index.php?rest_route=\/wp\/v2\/types\/page"}],"author":[{"embeddable":true,"href":"https:\/\/artlabor.eyes2k.net\/index.php?rest_route=\/wp\/v2\/users\/1"}],"replies":[{"embeddable":true,"href":"https:\/\/artlabor.eyes2k.net\/index.php?rest_route=%2Fwp%2Fv2%2Fcomments&post=7"}],"version-history":[{"count":8,"href":"https:\/\/artlabor.eyes2k.net\/index.php?rest_route=\/wp\/v2\/pages\/7\/revisions"}],"predecessor-version":[{"id":1289,"href":"https:\/\/artlabor.eyes2k.net\/index.php?rest_route=\/wp\/v2\/pages\/7\/revisions\/1289"}],"wp:attachment":[{"href":"https:\/\/artlabor.eyes2k.net\/index.php?rest_route=%2Fwp%2Fv2%2Fmedia&parent=7"}],"curies":[{"name":"wp","href":"https:\/\/api.w.org\/{rel}","templated":true}]}}