{"id":6,"date":"2006-10-17T22:57:55","date_gmt":"2006-10-17T20:57:55","guid":{"rendered":"http:\/\/artlab.eyes2k.net\/?page_id=6"},"modified":"2018-08-12T15:40:28","modified_gmt":"2018-08-12T14:40:28","slug":"impressum","status":"publish","type":"page","link":"https:\/\/artlabor.eyes2k.net\/?page_id=6","title":{"rendered":"Impressum"},"content":{"rendered":"<p><!--more--><br \/>\n<strong>artLABOR e.V.<\/strong><br \/>\nEmail: dock[at]artLABOR.eyes2k.net<br \/>\nFax: +49.(0)3212.1031038<br \/>\nTel: +49.(0)3212.1031038<br \/>\nPost: Brehmestr. 51, 13187 Berlin, Deutschland<\/p>\n<p>Registergericht: Amtsgericht Berlin-Charlottenburg<br \/>\nRegisternummer: VR 32145 B<\/p>\n<p>Steuer-Nr.: 27\/660\/64532<\/p>\n<p><!--more--><br \/>\n<strong>Vertretungsberechtigte Vorst\u00e4nde<\/strong><br \/>\nDr. Birte Kleine-Benne, Vorsitzende (Kontakt wie oben)<br \/>\nErwin Liedke (Kontakt wie oben)<\/p>\n<p><strong>Inhaltlich verantwortlich nach \u00a7 55 Absatz 2 <a href=\"http:\/\/www.urheberrecht.org\/law\/normen\/rstv\/\">Rundfunkstaatsvertrag<\/a><\/strong><br \/>\nErwin Liedke (Kontakt wie oben)<\/p>\n<p>RECHTLICHE HINWEISE<br \/>\nWir haben die im Rahmen des Online-Angebotes auf http:\/\/artLABOR.eyes2k.net vorhandenen Links zu Inhalten anderer Internetseiten mit gro\u00dfer Sorgfalt erstellt. Gleichwohl kann f\u00fcr diese externen Inhalte keine Gew\u00e4hr f\u00fcr die Vollst\u00e4ndigkeit und Richtigkeit von Informationen \u00fcbernommen werden. F\u00fcr diese Inhalte ist ausschlie\u00dflich der Anbieter der Inhalte verantwortlich. Auch distanzieren wir uns ausdr\u00fccklich von allen Inhalten, die m\u00f6glicherweise straf- oder haftungsrechtlich relevant sind oder gegen die guten Sitten versto\u00dfen.<\/p>\n<p>Sofern von diesem Online-Angebot auf andere Seiten mit fehlerhaftem oder rechtswidrigem Inhalt verwiesen wird, teilen Sie uns dies bitte mit. Ebenso wird um eine Nachricht gebeten, wenn Inhalte dieses Online-Angebotes nicht aktuell, vollst\u00e4ndig, fehlerfrei, verst\u00e4ndlich oder zug\u00e4nglich sein sollten.<\/p>\n","protected":false},"excerpt":{"rendered":"","protected":false},"author":1,"featured_media":0,"parent":0,"menu_order":0,"comment_status":"closed","ping_status":"open","template":"","meta":{"footnotes":""},"class_list":["post-6","page","type-page","status-publish","hentry"],"_links":{"self":[{"href":"https:\/\/artlabor.eyes2k.net\/index.php?rest_route=\/wp\/v2\/pages\/6","targetHints":{"allow":["GET"]}}],"collection":[{"href":"https:\/\/artlabor.eyes2k.net\/index.php?rest_route=\/wp\/v2\/pages"}],"about":[{"href":"https:\/\/artlabor.eyes2k.net\/index.php?rest_route=\/wp\/v2\/types\/page"}],"author":[{"embeddable":true,"href":"https:\/\/artlabor.eyes2k.net\/index.php?rest_route=\/wp\/v2\/users\/1"}],"replies":[{"embeddable":true,"href":"https:\/\/artlabor.eyes2k.net\/index.php?rest_route=%2Fwp%2Fv2%2Fcomments&post=6"}],"version-history":[{"count":16,"href":"https:\/\/artlabor.eyes2k.net\/index.php?rest_route=\/wp\/v2\/pages\/6\/revisions"}],"predecessor-version":[{"id":3014,"href":"https:\/\/artlabor.eyes2k.net\/index.php?rest_route=\/wp\/v2\/pages\/6\/revisions\/3014"}],"wp:attachment":[{"href":"https:\/\/artlabor.eyes2k.net\/index.php?rest_route=%2Fwp%2Fv2%2Fmedia&parent=6"}],"curies":[{"name":"wp","href":"https:\/\/api.w.org\/{rel}","templated":true}]}}