{"id":3,"date":"2006-10-15T19:10:46","date_gmt":"2006-10-15T17:10:46","guid":{"rendered":"http:\/\/artlab.eyes2k.net\/?page_id=3"},"modified":"2020-03-18T11:57:40","modified_gmt":"2020-03-18T10:57:40","slug":"ram-art","status":"publish","type":"page","link":"https:\/\/artlabor.eyes2k.net\/?page_id=3","title":{"rendered":"ROM-art \/ RAM-art"},"content":{"rendered":"\n<figure class=\"wp-block-table aligncenter is-style-stripes\"><table class=\"has-fixed-layout\"><thead><tr><th>ROM-art<\/th><th><strong>RAM-art<\/strong><\/th><\/tr><\/thead><tbody><tr><td>Read only material<\/td><td>Radical active material<\/td><\/tr><tr><td>Passives Gem\u00e4lde<\/td><td>Inter-\/aktive &#8222;Arena des Handelns&#8220; (Weibel)<\/td><\/tr><tr><td>2-dimensionales Bildfeld<\/td><td>Echtzeitereignis<\/td><\/tr><tr><td>Statisches Endprodukt<\/td><td>Dynamisches System<\/td><\/tr><tr><td>Auratisches Werkobjekt<\/td><td>Hybrider Produktionsprozess<\/td><\/tr><tr><td>Symbolische Repr\u00e4sentation<\/td><td>Wandlungsf\u00e4higes work-in-progess<\/td><\/tr><tr><td>Geschlossene Oberfl\u00e4che<\/td><td>Operation<\/td><\/tr><tr><td>Betracht- und lesbare Form<\/td><td>Arbeitsraum<\/td><\/tr><tr><td>Abgrenzung<\/td><td>Entgrenzung<\/td><\/tr><tr><td>Materialisierung<\/td><td>Dematerialisierung<\/td><\/tr><tr><td>Stabilit\u00e4t<\/td><td>Dynamik<\/td><\/tr><tr><td>Grenzeindeutigkeit<\/td><td>Ununterscheidbarkeit und Unsch\u00e4rfe<\/td><\/tr><tr><td>Isolation<\/td><td>Anschlussf\u00e4higkeit<\/td><\/tr><tr><td>Erhalt und Bestandsicherung<\/td><td>Transformation und Wandel<\/td><\/tr><tr><td>Konsumtion<\/td><td>Partizipation<\/td><\/tr><tr><td>Distanzierter Rezipient<\/td><td>Involvierter, kollaborierender Teilnehmer<\/td><\/tr><tr><td>ROM &#8211; read only member<\/td><td>RAM &#8211; radical active member (Weber)<\/td><\/tr><tr><td>Organisationsprinzip Ausgrenzung<\/td><td>Konnektionistisches Grundprinzip<\/td><\/tr><tr><td>Geschlossener White Cube<\/td><td>Nichtlineare Praxismodelle<\/td><\/tr><tr><td>Einheitssimplifikationen<\/td><td>Komplexit\u00e4tserh\u00f6hungen<\/td><\/tr><tr><td>Systemorientierte Konditionen<\/td><td>Netzkonditionen<\/td><\/tr><tr><td><\/td><td><\/td><\/tr><\/tbody><\/table><\/figure>\n\n\n<p><strong>_Title:<\/strong> ROM-art vs. RAM-art<br \/>Source: Birte Kleine-Benne<br \/>Published: 2004<br \/>dsrc6_registration: 333433<br \/>Security: \u00a9 Copyright protected. All rights reserved.<br \/>Contact: contact [at] dsrc6.net<\/p>\n<p><strong>_Location:<\/strong> <a href=\"http:\/\/www.dsrc6.net\/333433.html\">http:\/\/www.dsrc6.net\/333433.html<\/a><br \/>Title: 333433.html<br \/>First secure: Fri, 2004-10-29, 14:19 gmt +1:00:<br \/>Modified: Mon, 2006-04-24, 22:06 gmt +1:00<br \/>Last modified: Tue, 2006-04-25, 10:47 gmt +1:00<br \/>File MIME type: text\/html<br \/>Size: 4.385 bytes<br \/>Transfer: 4,3 kB<br \/>Expires: No date given<br \/>Charset: iso-8859-1<br \/>Security: This is an insecure document that is not encrypted and offers no security protection.<\/p>","protected":false},"excerpt":{"rendered":"<p>ROM-art RAM-art Read only material Radical active material Passives Gem\u00e4lde Inter-\/aktive &#8222;Arena des Handelns&#8220; (Weibel) 2-dimensionales Bildfeld Echtzeitereignis Statisches Endprodukt Dynamisches System Auratisches Werkobjekt Hybrider Produktionsprozess Symbolische Repr\u00e4sentation Wandlungsf\u00e4higes work-in-progess Geschlossene Oberfl\u00e4che Operation Betracht- und lesbare Form Arbeitsraum Abgrenzung Entgrenzung Materialisierung Dematerialisierung Stabilit\u00e4t Dynamik Grenzeindeutigkeit Ununterscheidbarkeit und Unsch\u00e4rfe Isolation Anschlussf\u00e4higkeit Erhalt und Bestandsicherung Transformation und &hellip; <a href=\"https:\/\/artlabor.eyes2k.net\/?page_id=3\" class=\"more-link\"><span class=\"screen-reader-text\">ROM-art \/ RAM-art<\/span> weiterlesen <span class=\"meta-nav\">&rarr;<\/span><\/a><\/p>\n","protected":false},"author":3,"featured_media":0,"parent":0,"menu_order":0,"comment_status":"open","ping_status":"open","template":"","meta":{"footnotes":""},"class_list":["post-3","page","type-page","status-publish","hentry"],"_links":{"self":[{"href":"https:\/\/artlabor.eyes2k.net\/index.php?rest_route=\/wp\/v2\/pages\/3","targetHints":{"allow":["GET"]}}],"collection":[{"href":"https:\/\/artlabor.eyes2k.net\/index.php?rest_route=\/wp\/v2\/pages"}],"about":[{"href":"https:\/\/artlabor.eyes2k.net\/index.php?rest_route=\/wp\/v2\/types\/page"}],"author":[{"embeddable":true,"href":"https:\/\/artlabor.eyes2k.net\/index.php?rest_route=\/wp\/v2\/users\/3"}],"replies":[{"embeddable":true,"href":"https:\/\/artlabor.eyes2k.net\/index.php?rest_route=%2Fwp%2Fv2%2Fcomments&post=3"}],"version-history":[{"count":17,"href":"https:\/\/artlabor.eyes2k.net\/index.php?rest_route=\/wp\/v2\/pages\/3\/revisions"}],"predecessor-version":[{"id":3258,"href":"https:\/\/artlabor.eyes2k.net\/index.php?rest_route=\/wp\/v2\/pages\/3\/revisions\/3258"}],"wp:attachment":[{"href":"https:\/\/artlabor.eyes2k.net\/index.php?rest_route=%2Fwp%2Fv2%2Fmedia&parent=3"}],"curies":[{"name":"wp","href":"https:\/\/api.w.org\/{rel}","templated":true}]}}